{"id":116,"date":"2017-08-01T21:19:49","date_gmt":"2017-08-01T19:19:49","guid":{"rendered":"http:\/\/rminspection.eu\/?page_id=116"},"modified":"2026-03-05T23:24:27","modified_gmt":"2026-03-05T22:24:27","slug":"accueil","status":"publish","type":"page","link":"https:\/\/rminspection.eu\/?page_id=116&lang=fr","title":{"rendered":"Accueil"},"content":{"rendered":"<section class=\"l-section wpb_row height_medium\"><div class=\"l-section-h i-cf\"><div class=\"g-cols vc_row via_flex valign_top type_default stacking_default\"><div class=\"vc_col-sm-12 wpb_column vc_column_container\"><div class=\"vc_column-inner\"><div class=\"wpb_wrapper\"><div class=\"wpb_text_column\"><div class=\"wpb_wrapper\"><p><strong>Voulez-vous faire \u00e9valuer une machine pour l\u2019acheter, la vendre ou l\u2019assurer\u00a0?<br \/>\n<\/strong>Quand vous d\u00e9cidez d\u2019assurer une machine, vous devez surtout conna\u00eetre sa valeur exacte, car il est important de ne subir aucune perte financi\u00e8re en cas d\u2019endommagement ou de vol. Vous envisagez donc de faire appel \u00e0 un sp\u00e9cialiste pour proc\u00e9der \u00e0 l\u2019\u00e9valuation de la machine. Les experts en dommages du bureau <em>RM CE Markeringen &amp; Schades<\/em>, qui s\u2019occupe du marquage CE et des dommages, sont actifs depuis plus de 20 ans dans le secteur agricole et celui des travaux publics. Ils sont sp\u00e9cialis\u00e9s, entre autres, dans l\u2019inspection des moteurs industriels \u00e0 gaz, des moteurs industriels diesel, des mat\u00e9riels portuaires et des machines m\u00e9caniques. Vous pouvez bien entendu faire appel \u00e0 notre expertise lors de l\u2019achat ou de la vente d\u2019une machine, pour r\u00e9aliser d\u2019ing\u00e9nieux investissements et faire des \u00e9conomies. <a href=\"http:\/\/rminspection.eu\/?page_id=122&amp;lang=fr\"><u>Lire plus sur l\u2019\u00e9valuation<\/u><\/a><strong>.<\/strong><\/p>\n<p><strong><br \/>\nSouhaitez-vous conseil ou assistance pour r\u00e9clamer l\u2019indemnisation de dommages\u00a0?<br \/>\n<\/strong>Lorsque votre machine a subi des dommages, votre entreprise s\u2019en ressent \u00e9galement. Le volume de production diminue ou alors les processus sont moins efficaces. Vous voulez y rem\u00e9dier le plus vite possible, mais tant que vous ne vous en sortez pas avec votre agent d\u2019assurance, plus rien ne bouge. Les r\u00e9clamations en dommages et int\u00e9r\u00eats peuvent entra\u00eener de nombreux retards suppl\u00e9mentaires et sans la connaissance et l\u2019exp\u00e9rience n\u00e9cessaires, la t\u00e2che sera fastidieuse et compliqu\u00e9e. Le bureau de contre-expertise RM CE Markeringen &amp; Schades peut offrir la solution dans ces situations. Nous vous conseillons sur la meilleure approche, mais vous pouvez aussi nous demander de traiter, au nom de votre entreprise, votre enti\u00e8re r\u00e9clamation en dommages et int\u00e9r\u00eats. Ainsi, vous pourrez \u00e0 nouveau vous concentrer enti\u00e8rement sur la gestion de votre entreprise pendant que nous nous chargeons du reste. . <u><a href=\"http:\/\/rminspection.eu\/?page_id=120&amp;lang=fr\">Lire plus sur la contre-expertise<\/a>.<\/u><\/p>\n<p><strong><br \/>\n<\/strong><strong>Le sp\u00e9cialiste du marquage CE des machines<\/strong><br \/>\nVous \u00eates responsable du marquage CE apr\u00e8s avoir achet\u00e9 une machine provenant d\u2019un pays situ\u00e9 hors de l\u2019espace \u00e9conomique europ\u00e9en (EEE), mais aussi lorsque votre entreprise a fabriqu\u00e9 une machine destin\u00e9e \u00e0 la vente ou \u00e0 son propre usage. Afin de pouvoir utiliser ce marquage CE, votre machine doit se conformer \u00e0 plusieurs exigences de s\u00e9curit\u00e9 et doit, entre autres, se soumettre \u00e0 une inspection technique approfondie.<br \/>\nLa proc\u00e9dure d\u2019obtention du marquage CE est longue et compliqu\u00e9e, quand on ne dispose pas des connaissances n\u00e9cessaires. C\u2019est pour cela que vous \u00eates l\u00e9galement autoris\u00e9 \u00e0 mandater une personne pour qu\u2019elle se charge de la proc\u00e9dure, vous accompagne et obtient le marquage CE pour votre produit. Vous pouvez toujours faire appel \u00e0 RM CE Markeringen &amp; Schades pour conseil et accompagnement tout au long de la proc\u00e9dure d\u2019obtention du marquage CE. Nous en assurons le bon d\u00e9roulement et veillons \u00e0 ce que cela se passe de mani\u00e8re agr\u00e9able et comp\u00e9tente. <u><a href=\"http:\/\/rminspection.eu\/?page_id=118&amp;lang=fr\">Lire plus sur la proc\u00e9dure d\u2019obtention du marquage CE<\/a>.<\/u><\/p>\n<\/div><\/div><\/div><\/div><\/div><\/div><\/div><\/section><section class=\"l-section wpb_row height_medium\"><div class=\"l-section-h i-cf\"><div class=\"g-cols vc_row via_flex valign_top type_default stacking_default\"><div class=\"vc_col-sm-6 wpb_column vc_column_container\"><div class=\"vc_column-inner\"><div class=\"wpb_wrapper\"><div class=\"w-image align_none\"><div class=\"w-image-h\"><img decoding=\"async\" width=\"221\" height=\"300\" src=\"https:\/\/rminspection.eu\/wp-content\/uploads\/2026\/03\/EBN-ISO-9001-Rood-met-wit-logo-1000px-RGB-1-221x300.png\" class=\"attachment-medium size-medium\" alt=\"\" loading=\"lazy\" srcset=\"https:\/\/rminspection.eu\/wp-content\/uploads\/2026\/03\/EBN-ISO-9001-Rood-met-wit-logo-1000px-RGB-1-221x300.png 221w, https:\/\/rminspection.eu\/wp-content\/uploads\/2026\/03\/EBN-ISO-9001-Rood-met-wit-logo-1000px-RGB-1-755x1024.png 755w, https:\/\/rminspection.eu\/wp-content\/uploads\/2026\/03\/EBN-ISO-9001-Rood-met-wit-logo-1000px-RGB-1-600x814.png 600w, https:\/\/rminspection.eu\/wp-content\/uploads\/2026\/03\/EBN-ISO-9001-Rood-met-wit-logo-1000px-RGB-1-768x1041.png 768w, https:\/\/rminspection.eu\/wp-content\/uploads\/2026\/03\/EBN-ISO-9001-Rood-met-wit-logo-1000px-RGB-1.png 1000w\" sizes=\"auto, (max-width: 221px) 100vw, 221px\" \/><\/div><\/div><\/div><\/div><\/div><div class=\"vc_col-sm-6 wpb_column vc_column_container\"><div class=\"vc_column-inner\"><div class=\"wpb_wrapper\"><div class=\"w-image align_none\"><div class=\"w-image-h\"><img decoding=\"async\" width=\"221\" height=\"300\" src=\"https:\/\/rminspection.eu\/wp-content\/uploads\/2026\/03\/EBN-VCA1-Rood-met-wit-logo-1000px-RGB-1-221x300.png\" class=\"attachment-medium size-medium\" alt=\"\" loading=\"lazy\" srcset=\"https:\/\/rminspection.eu\/wp-content\/uploads\/2026\/03\/EBN-VCA1-Rood-met-wit-logo-1000px-RGB-1-221x300.png 221w, https:\/\/rminspection.eu\/wp-content\/uploads\/2026\/03\/EBN-VCA1-Rood-met-wit-logo-1000px-RGB-1-755x1024.png 755w, https:\/\/rminspection.eu\/wp-content\/uploads\/2026\/03\/EBN-VCA1-Rood-met-wit-logo-1000px-RGB-1-600x814.png 600w, https:\/\/rminspection.eu\/wp-content\/uploads\/2026\/03\/EBN-VCA1-Rood-met-wit-logo-1000px-RGB-1-768x1041.png 768w, https:\/\/rminspection.eu\/wp-content\/uploads\/2026\/03\/EBN-VCA1-Rood-met-wit-logo-1000px-RGB-1.png 1000w\" sizes=\"auto, (max-width: 221px) 100vw, 221px\" \/><\/div><\/div><\/div><\/div><\/div><\/div><\/div><\/section>\n","protected":false},"excerpt":{"rendered":"Voulez-vous faire \u00e9valuer une machine pour l\u2019acheter, la vendre ou l\u2019assurer\u00a0? Quand vous d\u00e9cidez d\u2019assurer une machine, vous devez surtout conna\u00eetre sa valeur exacte, car il est important de ne subir aucune perte financi\u00e8re en cas d\u2019endommagement ou de vol. Vous envisagez donc de faire appel \u00e0 un sp\u00e9cialiste pour proc\u00e9der \u00e0 l\u2019\u00e9valuation de la...","protected":false},"author":1,"featured_media":0,"parent":0,"menu_order":0,"comment_status":"closed","ping_status":"closed","template":"","meta":{"footnotes":""},"class_list":["post-116","page","type-page","status-publish","hentry"],"_links":{"self":[{"href":"https:\/\/rminspection.eu\/index.php?rest_route=\/wp\/v2\/pages\/116","targetHints":{"allow":["GET"]}}],"collection":[{"href":"https:\/\/rminspection.eu\/index.php?rest_route=\/wp\/v2\/pages"}],"about":[{"href":"https:\/\/rminspection.eu\/index.php?rest_route=\/wp\/v2\/types\/page"}],"author":[{"embeddable":true,"href":"https:\/\/rminspection.eu\/index.php?rest_route=\/wp\/v2\/users\/1"}],"replies":[{"embeddable":true,"href":"https:\/\/rminspection.eu\/index.php?rest_route=%2Fwp%2Fv2%2Fcomments&post=116"}],"version-history":[{"count":7,"href":"https:\/\/rminspection.eu\/index.php?rest_route=\/wp\/v2\/pages\/116\/revisions"}],"predecessor-version":[{"id":251,"href":"https:\/\/rminspection.eu\/index.php?rest_route=\/wp\/v2\/pages\/116\/revisions\/251"}],"wp:attachment":[{"href":"https:\/\/rminspection.eu\/index.php?rest_route=%2Fwp%2Fv2%2Fmedia&parent=116"}],"curies":[{"name":"wp","href":"https:\/\/api.w.org\/{rel}","templated":true}]}}