{"id":122,"date":"2017-08-01T21:24:34","date_gmt":"2017-08-01T19:24:34","guid":{"rendered":"http:\/\/rminspection.eu\/?page_id=122"},"modified":"2017-08-01T21:37:14","modified_gmt":"2017-08-01T19:37:14","slug":"evaluations","status":"publish","type":"page","link":"https:\/\/rminspection.eu\/?page_id=122&lang=fr","title":{"rendered":"\u00c9valuations"},"content":{"rendered":"<p><strong>Faites \u00e9valuer vos machines par l\u2019expert de votre secteur d\u2019activit\u00e9s<br \/>\n<\/strong>Envisagez-vous de contracter une assurance \u00ab\u00a0bris de machine\u00a0\u00bb et voulez-vous assurer vos machines le mieux possible\u00a0? Leur \u00e9valuation y tient un r\u00f4le important. Vous souhaitez pour cela vous adresser au v\u00e9ritable expert, qui conna\u00eet les activit\u00e9s de votre secteur sur le bout des doigts, pour obtenir une \u00e9valuation r\u00e9aliste de vos mat\u00e9riels. Le bureau RM CE Markeringen &amp; Schades compte d\u00e9j\u00e0 plus de 20 ans d\u2019exp\u00e9rience dans le secteur agricole et celui des travaux publics et ce bureau d\u00e9tient une expertise in\u00e9gal\u00e9e en mati\u00e8re d\u2019inspection des machines m\u00e9caniques, des mat\u00e9riels portuaires et des moteurs industriels \u00e0 gaz et moteurs industriels diesel.<\/p>\n<p><strong>Inspection, consid\u00e9ration et \u00e9valuation de votre machine endommag\u00e9e ou d\u00e9fectueuse<br \/>\n<\/strong>Avez-vous r\u00e9cemment \u00e9t\u00e9 victime de cambrioleurs ou de vandales et avez-vous d\u00fb faire appel \u00e0 votre assurance bris de machine\u00a0? Ou bien, votre machine essentielle est tomb\u00e9e en panne suite \u00e0 de r\u00e9centes intemp\u00e9ries et vous voulez r\u00e9clamer aupr\u00e8s de votre assureur les dommages couverts par votre assurance bris de machine\u00a0? Votre assureur vous demandera le rapport d\u2019inspection et d\u2019\u00e9valuation des dommages que l\u2019expert aura dress\u00e9. Ce rapport permettra par exemple, de d\u00e9terminer si la machine r\u00e9pond aux crit\u00e8res de remplacement exig\u00e9s. Avec RM CE Markeringen &amp; Schades, en tant que votre expert dommages, vous disposez en m\u00eame temps de la connaissance d\u2019un expert en contre-expertise. Nous vous conseillons volontiers tout au long de votre r\u00e9clamation d\u2019indemnisation des dommages, cependant nous pouvons aussi vous d\u00e9charger enti\u00e8rement de cette proc\u00e9dure de r\u00e9clamation. <a href=\"http:\/\/rminspection.eu\/?page_id=120&amp;lang=fr\"><u>Lire plus sur la contre-expertise<\/u><\/a>.<\/p>\n<p><strong>Assistance lors de la vente et de l\u2019achat de machines<br \/>\n<\/strong>Envisagez-vous d\u2019acheter une nouvelle machine ou une machine d\u2019occasion pour votre entreprise\u00a0? Le choix d\u2019une machine peut s\u2019av\u00e9rer difficile quand on ne conna\u00eet pas suffisamment l\u2019actuelle valeur marchande, la dur\u00e9e de vie et l\u2019\u00e9tat technique de la machine pour savoir si le prix n\u2019est pas trop \u00e9lev\u00e9. En vous adressant \u00e0 RM CE Markeringen &amp; Schades lors de votre achat de mat\u00e9riel, vous b\u00e9n\u00e9ficierez de nos longues ann\u00e9es d\u2019exp\u00e9rience dans le secteur et de nos connaissances sp\u00e9cialis\u00e9es des machines. Nous examinerons minutieusement toutes les donn\u00e9es et ferons, dans la mesure du possible, l\u2019inspection technique de la machine pour d\u00e9terminer la valeur la plus exacte. N\u2019h\u00e9sitez pas non plus \u00e0 faire appel \u00e0 nos experts lorsque vous souhaitez vendre une machine. Nous proc\u00e9derons alors \u00e0 son inspection pour d\u00e9terminer la valeur minimale que vous devrez obtenir.<br \/>\nSouhaitez-vous que notre \u00e9quipe d\u2019experts \u00e9value une de vos machines\u00a0? Inscrivez vos coordonn\u00e9es dans notre <a href=\"http:\/\/rminspection.eu\/?page_id=125&amp;lang=fr\"><u>formulaire de contact<\/u><\/a> et nous vous contacterons le plus vite possible.<\/p>\n","protected":false},"excerpt":{"rendered":"<p>Faites \u00e9valuer vos machines par l\u2019expert de votre secteur d\u2019activit\u00e9s Envisagez-vous de contracter une assurance \u00ab\u00a0bris de machine\u00a0\u00bb et voulez-vous assurer vos machines le mieux possible\u00a0? Leur \u00e9valuation y tient un r\u00f4le important. Vous souhaitez pour cela vous adresser au v\u00e9ritable expert, qui conna\u00eet les activit\u00e9s de votre secteur sur le bout des doigts, pour&#8230;<\/p>\n","protected":false},"author":1,"featured_media":0,"parent":0,"menu_order":0,"comment_status":"closed","ping_status":"closed","template":"","meta":{"footnotes":""},"class_list":["post-122","page","type-page","status-publish","hentry"],"_links":{"self":[{"href":"https:\/\/rminspection.eu\/index.php?rest_route=\/wp\/v2\/pages\/122","targetHints":{"allow":["GET"]}}],"collection":[{"href":"https:\/\/rminspection.eu\/index.php?rest_route=\/wp\/v2\/pages"}],"about":[{"href":"https:\/\/rminspection.eu\/index.php?rest_route=\/wp\/v2\/types\/page"}],"author":[{"embeddable":true,"href":"https:\/\/rminspection.eu\/index.php?rest_route=\/wp\/v2\/users\/1"}],"replies":[{"embeddable":true,"href":"https:\/\/rminspection.eu\/index.php?rest_route=%2Fwp%2Fv2%2Fcomments&post=122"}],"version-history":[{"count":2,"href":"https:\/\/rminspection.eu\/index.php?rest_route=\/wp\/v2\/pages\/122\/revisions"}],"predecessor-version":[{"id":129,"href":"https:\/\/rminspection.eu\/index.php?rest_route=\/wp\/v2\/pages\/122\/revisions\/129"}],"wp:attachment":[{"href":"https:\/\/rminspection.eu\/index.php?rest_route=%2Fwp%2Fv2%2Fmedia&parent=122"}],"curies":[{"name":"wp","href":"https:\/\/api.w.org\/{rel}","templated":true}]}}